{"id":1374,"date":"2020-12-29T13:21:43","date_gmt":"2020-12-29T12:21:43","guid":{"rendered":"https:\/\/www.tenconcept.net\/169prod\/?page_id=1374"},"modified":"2020-12-29T13:23:09","modified_gmt":"2020-12-29T12:23:09","slug":"centre-detudes-et-de-recherche-sur-le-monde-arabe-et-mediterraneen","status":"publish","type":"page","link":"https:\/\/cermam.org\/fr\/centre-detudes-et-de-recherche-sur-le-monde-arabe-et-mediterraneen\/","title":{"rendered":"CENTRE D&rsquo;\u00c9TUDES ET DE RECHERCHE SUR LE MONDE ARABE ET M\u00c9DITERRAN\u00c9EN"},"content":{"rendered":"\n<p>Le&nbsp;CERMAM&nbsp;a pour ambition de promouvoir le dialogue entre Arabes et Europ\u00e9ens, et c\u2019est dans cet esprit que nous lan\u00e7ons notre \u00ab&nbsp;<a href=\"http:\/\/www.cermam.org\/fr\/kiosque\/\">Lettre<\/a>&nbsp;\u00bb qui para\u00eetra simultan\u00e9ment en fran\u00e7ais et en arabe. La version anglaise attendra..<\/p>\n\n\n\n<p>Nous voulons contribuer au flot de communications g\u00e9n\u00e9r\u00e9es par la soci\u00e9t\u00e9 civile entre deux grandes civilisations voisines. Ce n\u2019est pas au niveau des Etats, ou des institutions officielles, que nous pensons pouvoir agir, mais au niveau des individus, des universitaires, des hommes et des femmes d\u2019affaires, des journalistes, des \u00e9crivains.<\/p>\n\n\n\n<h3 class=\"wp-block-heading\">Mission<\/h3>\n\n\n\n<p>Les enjeux pr\u00e9sents dans l\u2019espace arabe et m\u00e9diterran\u00e9en sont nombreux. Ils ont des incidences directes sur la Suisse et sur l\u2019Europe. Les diff\u00e9rences de d\u00e9veloppement \u00e9conomique entre les deux rives de la M\u00e9diterran\u00e9e, avec les difficult\u00e9s sociales qui en d\u00e9coulent, les migrations , la prolif\u00e9ration et le trafic d\u2019armes, les conflits ouverts dans la r\u00e9gion, la mont\u00e9e des extr\u00e9mismes, ne sont que quelques exemples des probl\u00e8mes qui se posent aujourd\u2019hui. La stabilit\u00e9 en Europe est donc \u00e9troitement li\u00e9e \u00e0 la stabilit\u00e9 de la M\u00e9diterran\u00e9e au sens large. La guerre froide pass\u00e9e, l\u2019espace euro-m\u00e9diterran\u00e9en est \u00e0 pr\u00e9sent un univers en recomposition o\u00f9 apparaissent de nouveaux acteurs, de nouveaux pouvoirs, de nouveaux rapports de force et de nouveaux \u00e9quilibres.<\/p>\n","protected":false},"excerpt":{"rendered":"<p>Le&nbsp;CERMAM&nbsp;a pour ambition de promouvoir le dialogue entre Arabes et Europ\u00e9ens, et c\u2019est dans cet esprit que nous lan\u00e7ons notre \u00ab&nbsp;Lettre&nbsp;\u00bb qui para\u00eetra simultan\u00e9ment en fran\u00e7ais et en arabe. La version anglaise attendra.. Nous voulons contribuer au flot de communications g\u00e9n\u00e9r\u00e9es par la soci\u00e9t\u00e9 civile entre deux grandes civilisations voisines. Ce n\u2019est pas au niveau &hellip;<\/p>\n","protected":false},"author":1,"featured_media":0,"parent":0,"menu_order":0,"comment_status":"closed","ping_status":"open","template":"","meta":{"footnotes":""},"class_list":["post-1374","page","type-page","status-publish","hentry"],"_links":{"self":[{"href":"https:\/\/cermam.org\/fr\/wp-json\/wp\/v2\/pages\/1374","targetHints":{"allow":["GET"]}}],"collection":[{"href":"https:\/\/cermam.org\/fr\/wp-json\/wp\/v2\/pages"}],"about":[{"href":"https:\/\/cermam.org\/fr\/wp-json\/wp\/v2\/types\/page"}],"author":[{"embeddable":true,"href":"https:\/\/cermam.org\/fr\/wp-json\/wp\/v2\/users\/1"}],"replies":[{"embeddable":true,"href":"https:\/\/cermam.org\/fr\/wp-json\/wp\/v2\/comments?post=1374"}],"version-history":[{"count":2,"href":"https:\/\/cermam.org\/fr\/wp-json\/wp\/v2\/pages\/1374\/revisions"}],"predecessor-version":[{"id":1376,"href":"https:\/\/cermam.org\/fr\/wp-json\/wp\/v2\/pages\/1374\/revisions\/1376"}],"wp:attachment":[{"href":"https:\/\/cermam.org\/fr\/wp-json\/wp\/v2\/media?parent=1374"}],"curies":[{"name":"wp","href":"https:\/\/api.w.org\/{rel}","templated":true}]}}