{"id":2,"date":"2020-12-17T14:40:12","date_gmt":"2020-12-17T13:40:12","guid":{"rendered":"https:\/\/www.tenconcept.net\/169prod\/?page_id=2"},"modified":"2026-03-02T22:09:37","modified_gmt":"2026-03-02T21:09:37","slug":"lequipe","status":"publish","type":"page","link":"https:\/\/cermam.org\/fr\/lequipe\/","title":{"rendered":"L\u2019\u00e9quipe"},"content":{"rendered":"\n<ul class=\"wp-block-list\">\n<li><strong>Victoria Curzon Price<\/strong>, pr\u00e9sidente<\/li>\n\n\n\n<li><strong>Hasni Abidi<\/strong>, directeur<\/li>\n\n\n\n<li><strong>Marwa Chelkha<\/strong>, chercheuse associ\u00e9e <\/li>\n\n\n\n<li><strong>Maxime Fritsch<\/strong>, chercheur associ\u00e9 <\/li>\n\n\n\n<li><strong>Khadidja Guebache<\/strong>, chercheuse associ\u00e9e<\/li>\n\n\n\n<li><strong>Philippe Jacques<\/strong>, r\u00e9dacteur<\/li>\n\n\n\n<li><strong>Abdelkarim Boukachabia&nbsp;<\/strong>, chercheur associ\u00e9<\/li>\n\n\n\n<li><strong>Larbi Tensaouti<\/strong>, webmaster&nbsp;<\/li>\n<\/ul>\n\n\n\n<p><\/p>\n","protected":false},"excerpt":{"rendered":"<p>Victoria Curzon Price, pr\u00e9sidente Hasni Abidi, directeur Marwa Chelkha, chercheuse associ\u00e9e Maxime Fritsch, chercheur associ\u00e9 Khadidja Guebache, chercheuse associ\u00e9e Philippe Jacques, r\u00e9dacteur Abdelkarim Boukachabia&nbsp;, chercheur associ\u00e9 Larbi Tensaouti, webmaster&nbsp;<\/p>\n","protected":false},"author":1,"featured_media":0,"parent":0,"menu_order":0,"comment_status":"closed","ping_status":"open","template":"","meta":{"footnotes":""},"class_list":["post-2","page","type-page","status-publish","hentry"],"_links":{"self":[{"href":"https:\/\/cermam.org\/fr\/wp-json\/wp\/v2\/pages\/2","targetHints":{"allow":["GET"]}}],"collection":[{"href":"https:\/\/cermam.org\/fr\/wp-json\/wp\/v2\/pages"}],"about":[{"href":"https:\/\/cermam.org\/fr\/wp-json\/wp\/v2\/types\/page"}],"author":[{"embeddable":true,"href":"https:\/\/cermam.org\/fr\/wp-json\/wp\/v2\/users\/1"}],"replies":[{"embeddable":true,"href":"https:\/\/cermam.org\/fr\/wp-json\/wp\/v2\/comments?post=2"}],"version-history":[{"count":8,"href":"https:\/\/cermam.org\/fr\/wp-json\/wp\/v2\/pages\/2\/revisions"}],"predecessor-version":[{"id":2054,"href":"https:\/\/cermam.org\/fr\/wp-json\/wp\/v2\/pages\/2\/revisions\/2054"}],"wp:attachment":[{"href":"https:\/\/cermam.org\/fr\/wp-json\/wp\/v2\/media?parent=2"}],"curies":[{"name":"wp","href":"https:\/\/api.w.org\/{rel}","templated":true}]}}